{"id":3532,"date":"2023-12-21T12:09:16","date_gmt":"2023-12-21T11:09:16","guid":{"rendered":"https:\/\/domainemasbegon.com\/mariages\/"},"modified":"2024-12-06T15:51:28","modified_gmt":"2024-12-06T14:51:28","slug":"weddings","status":"publish","type":"page","link":"https:\/\/domainemasbegon.com\/en\/weddings\/","title":{"rendered":"Weddings"},"content":{"rendered":"\n<div class=\"wp-block-cover alignwide animation--init--once page-cover is-style-no-margin\" style=\"min-height:700px;aspect-ratio:unset;\"><span aria-hidden=\"true\" class=\"wp-block-cover__background has-background-dim-30 has-background-dim\"><\/span><img loading=\"lazy\" decoding=\"async\" width=\"1225\" height=\"699\" class=\"wp-block-cover__image-background wp-image-1072\" alt=\"\" src=\"https:\/\/domainemasbegon.com\/wp-content\/uploads\/wedding.webp\" data-object-fit=\"cover\" srcset=\"https:\/\/domainemasbegon.com\/wp-content\/uploads\/wedding.webp 1225w, https:\/\/domainemasbegon.com\/wp-content\/uploads\/wedding-1024x584.webp 1024w, https:\/\/domainemasbegon.com\/wp-content\/uploads\/wedding-768x438.webp 768w, https:\/\/domainemasbegon.com\/wp-content\/uploads\/wedding-512x292.webp 512w, https:\/\/domainemasbegon.com\/wp-content\/uploads\/wedding-256x146.webp 256w\" sizes=\"auto, (max-width: 1225px) 100vw, 1225px\" \/><div class=\"wp-block-cover__inner-container is-layout-constrained wp-block-cover-is-layout-constrained\">\n<h1 class=\"wp-block-heading has-text-align-center animation--init--once slide-up has-cormorant-garamond-font-family has-h-1-slide-font-size\">Organise your wedding on a sumptuous estate in the Gard<\/h1>\n\n\n\n<figure class=\"wp-block-image aligncenter size-large scrolldown animation--init--once slide-down\"><a href=\"#scrolldown\"><img loading=\"lazy\" decoding=\"async\" width=\"51\" height=\"30\" src=\"https:\/\/domainemasbegon.com\/wp-content\/uploads\/arrow-1.svg\" alt=\"\" class=\"wp-image-1019\"\/><\/a><\/figure>\n<\/div><\/div>\n\n\n\n<div class=\"wp-block-group alignwide animation--init--once slide-right has-text-small-font-size is-content-justification-left is-layout-constrained wp-container-core-group-is-layout-1 wp-block-group-is-layout-constrained\" style=\"margin-bottom:5vh\"><div class=\"yoast-breadcrumbs\"><span><span><a href=\"https:\/\/domainemasbegon.com\/en\/\">Accueil<\/a><\/span> &gt; <span class=\"breadcrumb_last\" aria-current=\"page\">Weddings<\/span><\/span><\/div><\/div>\n\n\n\n<h2 class=\"wp-block-heading alignwide has-text-align-center animation--init--once slide-up custom-heading has-h-1-font-size\" id=\"scrolldown\" style=\"margin-bottom:5vh\"><sup><mark style=\"background-color:rgba(0, 0, 0, 0)\" class=\"has-inline-color has-theme-secondary-color\">DOMAINE MAS BEGON IN THE GARD <\/mark><\/sup><br>Your reception room for a dream wedding<\/h2>\n\n\n\n<p class=\"animation--init--once slide-up\" style=\"margin-bottom:10vh\">Imagine the <strong>wedding of your dreams<\/strong>. A vin d&#8217;honneur in a green setting, under the Mediterranean sun. Music and laughter rising from a stone-built estate. <strong>Domaine Mas B\u00e9gon<\/strong>, in the <strong>Gard region of France<\/strong>, offers you this exceptional setting. Its 2 reception rooms can seat 120 people for your <strong>wedding banquet<\/strong>. We welcome you to visit the estate in several languages: <strong>English, French, Dutch, Spanish and Portuguese<\/strong>. The estate has taken into account the needs of people with reduced mobility. <strong>Private parking <\/strong>is available.<br><br>If you&#8217;re looking for a moment out of time, in a <strong>little corner of paradise<\/strong>, the Domaine Mas B\u00e9gon is an excellent venue to ensure that your events live up to your dreams. The Domaine Mas B\u00e9gon in Aigues-Vives is, as Charles Baudelaire would say, \u2018all is order and beauty, luxury, calm and pleasure\u2019.<\/p>\n\n\n\n<div class=\"wp-block-columns alignwide is-layout-flex wp-container-core-columns-is-layout-1 wp-block-columns-is-layout-flex\">\n<div class=\"wp-block-column is-layout-flow wp-block-column-is-layout-flow\" style=\"flex-basis:100%\">\n<figure class=\"wp-block-image size-full custom-media-text animation--init--once\"><img loading=\"lazy\" decoding=\"async\" width=\"2000\" height=\"1500\" src=\"https:\/\/domainemasbegon.com\/wp-content\/uploads\/sallereception1-1.jpg\" alt=\"\" class=\"wp-image-2877\" srcset=\"https:\/\/domainemasbegon.com\/wp-content\/uploads\/sallereception1-1.jpg 2000w, https:\/\/domainemasbegon.com\/wp-content\/uploads\/sallereception1-1-1024x768.jpg 1024w, https:\/\/domainemasbegon.com\/wp-content\/uploads\/sallereception1-1-768x576.jpg 768w, https:\/\/domainemasbegon.com\/wp-content\/uploads\/sallereception1-1-1536x1152.jpg 1536w, https:\/\/domainemasbegon.com\/wp-content\/uploads\/sallereception1-1-512x384.jpg 512w, https:\/\/domainemasbegon.com\/wp-content\/uploads\/sallereception1-1-256x192.jpg 256w\" sizes=\"auto, (max-width: 2000px) 100vw, 2000px\" \/><\/figure>\n<\/div>\n<\/div>\n\n\n\n<div class=\"wp-block-cover alignfull is-light custom-media-text\" style=\"margin-bottom:10vh;min-height:800px;aspect-ratio:unset;\"><span aria-hidden=\"true\" class=\"wp-block-cover__background has-background-dim-0 has-background-dim\" style=\"background-color:#9c8679\"><\/span><img loading=\"lazy\" decoding=\"async\" width=\"1600\" height=\"1200\" class=\"wp-block-cover__image-background wp-image-2858\" alt=\"\" src=\"https:\/\/domainemasbegon.com\/wp-content\/uploads\/suitenuptiale-1.jpg\" data-object-fit=\"cover\" srcset=\"https:\/\/domainemasbegon.com\/wp-content\/uploads\/suitenuptiale-1.jpg 1600w, https:\/\/domainemasbegon.com\/wp-content\/uploads\/suitenuptiale-1-1024x768.jpg 1024w, https:\/\/domainemasbegon.com\/wp-content\/uploads\/suitenuptiale-1-768x576.jpg 768w, https:\/\/domainemasbegon.com\/wp-content\/uploads\/suitenuptiale-1-1536x1152.jpg 1536w, https:\/\/domainemasbegon.com\/wp-content\/uploads\/suitenuptiale-1-512x384.jpg 512w, https:\/\/domainemasbegon.com\/wp-content\/uploads\/suitenuptiale-1-256x192.jpg 256w\" sizes=\"auto, (max-width: 1600px) 100vw, 1600px\" \/><div class=\"wp-block-cover__inner-container is-layout-flow wp-block-cover-is-layout-flow\">\n<div class=\"wp-block-group alignwide is-content-justification-left is-layout-constrained wp-container-core-group-is-layout-3 wp-block-group-is-layout-constrained\">\n<div class=\"wp-block-group alignwide animation--init--once slide-right has-theme-white-background-color has-background is-vertical is-content-justification-left is-layout-flex wp-container-core-group-is-layout-2 wp-block-group-is-layout-flex\" style=\"margin-top:0px;margin-bottom:0px;padding-top:10vh;padding-right:5vh;padding-bottom:10vh;padding-left:5vh\">\n<h2 class=\"wp-block-heading alignwide has-text-align-left custom-heading simple-heading\" style=\"text-transform:uppercase\"><sup><mark style=\"background-color:rgba(0, 0, 0, 0)\" class=\"has-inline-color has-theme-secondary-color\">A MOMENT OUT OF TIME<\/mark><\/sup><br>OUR FACILITIES AND SERVICES FOR AN UNFORGETTABLE WEDDING<\/h2>\n\n\n\n<p><strong>Accommodation<\/strong><\/p>\n\n\n\n<p>The site can accommodate up to 52 people. There are :<\/p>\n\n\n\n<ul class=\"wp-block-list\">\n<li><strong>1 luxury suite<\/strong> and 5 bedrooms for 2 people in the manor house, with en-suite bathroom, dressing room, air conditioning, heating and Wi-Fi; &#8211; <\/li>\n\n\n\n<li>a village of very comfortable<strong> tent-lodges<\/strong> for 40 guests.<\/li>\n<\/ul>\n\n\n\n<p><strong>An excellent service for the most beautiful day of your life<\/strong><\/p>\n\n\n\n<p>We welcome you for a tour of the estate in <strong>several languages<\/strong>: English, French, Dutch, Spanish and Portuguese.<\/p>\n\n\n\n<p>The estate has taken into account the needs of people with reduced mobility. Private parking is available.<\/p>\n\n\n\n<hr class=\"wp-block-separator has-alpha-channel-opacity\"\/>\n\n\n\n<div class=\"wp-block-buttons is-layout-flex wp-block-buttons-is-layout-flex\">\n<div class=\"wp-block-button is-style-trigger-button\"><a class=\"wp-block-button__link wp-element-button\" href=\"https:\/\/domainemasbegon.com\/en\/photo-gallery\/\">SEE PHOTO GALLERY<\/a><\/div>\n<\/div>\n<\/div>\n<\/div>\n<\/div><\/div>\n\n\n\n<div class=\"wp-block-media-text alignwide is-stacked-on-mobile is-vertically-aligned-center is-image-fill custom-media-text animation--init--once\" style=\"padding-bottom:10vh;grid-template-columns:65% auto\"><figure class=\"wp-block-media-text__media\" style=\"background-image:url(https:\/\/domainemasbegon.com\/wp-content\/uploads\/couple-de-maries-au-mas-begon-2048x1153.webp);background-position:50% 50%\"><img loading=\"lazy\" decoding=\"async\" width=\"2048\" height=\"1153\" src=\"https:\/\/domainemasbegon.com\/wp-content\/uploads\/couple-de-maries-au-mas-begon-2048x1153.webp\" alt=\"Couple de mari\u00e9s dans la cour du Domaine Mas B\u00e9bon, \u00e0 Aigues-Vives\" class=\"wp-image-3075 size-full\" srcset=\"https:\/\/domainemasbegon.com\/wp-content\/uploads\/couple-de-maries-au-mas-begon-2048x1153.webp 2048w, https:\/\/domainemasbegon.com\/wp-content\/uploads\/couple-de-maries-au-mas-begon-1024x577.webp 1024w, https:\/\/domainemasbegon.com\/wp-content\/uploads\/couple-de-maries-au-mas-begon-768x432.webp 768w, https:\/\/domainemasbegon.com\/wp-content\/uploads\/couple-de-maries-au-mas-begon-1536x865.webp 1536w, https:\/\/domainemasbegon.com\/wp-content\/uploads\/couple-de-maries-au-mas-begon-512x288.webp 512w, https:\/\/domainemasbegon.com\/wp-content\/uploads\/couple-de-maries-au-mas-begon-256x144.webp 256w\" sizes=\"auto, (max-width: 2048px) 100vw, 2048px\" \/><\/figure><div class=\"wp-block-media-text__content\">\n<div class=\"wp-block-group alignwide animation--init--once slide-left has-theme-white-background-color has-background is-vertical is-content-justification-center is-layout-flex wp-container-core-group-is-layout-4 wp-block-group-is-layout-flex\" style=\"margin-top:0px;margin-bottom:0px;padding-top:10vh;padding-right:5vh;padding-bottom:10vh;padding-left:5vh\">\n<h2 class=\"wp-block-heading alignwide has-text-align-center custom-heading simple-heading\" style=\"text-transform:uppercase\"><sup><mark style=\"background-color:rgba(0, 0, 0, 0)\" class=\"has-inline-color has-theme-secondary-color\">CATERING AND OTHER SERVICES<br><\/mark><\/sup>OUR PARTNERS<\/h2>\n\n\n\n<p>You can also make your caterer happy by offering him a <strong>dedicated 50 m\u00b2 space<\/strong> with two cold rooms and a storeroom, work surface, dishwasher&#8230; ideally located next to our sumptuous reception room. Even for him, refinement is the order of the day.<\/p>\n\n\n\n<p>We can provide you with a list of qualified caterers, if you don&#8217;t already have one. <strong>Local produce<\/strong> will be on hand for your personalised event! In addition to the convenience of our fully equipped kitchen, we offer the possibility of parking and electrically connecting the caterer&#8217;s lorry for smooth logistics. Make your wedding ceremony a memorable event on every level!<\/p>\n\n\n\n<hr class=\"wp-block-separator has-alpha-channel-opacity\"\/>\n\n\n\n<p class=\"has-text-align-center\" style=\"margin-bottom:2vh\">.<\/p>\n<\/div>\n<\/div><\/div>\n","protected":false},"excerpt":{"rendered":"<p>DOMAINE MAS BEGON IN THE GARD Your reception room for a dream wedding Imagine the wedding of your dreams. A vin d&#8217;honneur in a green&#8230;<\/p>\n","protected":false},"author":3,"featured_media":0,"parent":0,"menu_order":2,"comment_status":"closed","ping_status":"closed","template":"","meta":{"_acf_changed":false,"inline_featured_image":false,"footnotes":""},"class_list":["post-3532","page","type-page","status-publish","hentry"],"acf":[],"yoast_head":"<!-- This site is optimized with the Yoast SEO plugin v24.1 - https:\/\/yoast.com\/wordpress\/plugins\/seo\/ -->\n<title>Organise your wedding at Domaine du Mas Begon in the Gard<\/title>\n<meta name=\"description\" content=\"Celebrate your wedding on a splendid estate in Aigues-Vives in the Gard and discover the services and facilities of the Mas Begon.\" \/>\n<meta name=\"robots\" content=\"index, follow, max-snippet:-1, max-image-preview:large, max-video-preview:-1\" \/>\n<link rel=\"canonical\" href=\"https:\/\/domainemasbegon.com\/en\/weddings\/\" \/>\n<meta property=\"og:locale\" content=\"en_US\" \/>\n<meta property=\"og:type\" content=\"article\" \/>\n<meta property=\"og:title\" content=\"Organise your wedding at Domaine du Mas Begon in the Gard\" \/>\n<meta property=\"og:description\" content=\"Celebrate your wedding on a splendid estate in Aigues-Vives in the Gard and discover the services and facilities of the Mas Begon.\" \/>\n<meta property=\"og:url\" content=\"https:\/\/domainemasbegon.com\/en\/weddings\/\" \/>\n<meta property=\"og:site_name\" content=\"Mas Begon Domaine\" \/>\n<meta property=\"article:modified_time\" content=\"2024-12-06T14:51:28+00:00\" \/>\n<meta property=\"og:image\" content=\"https:\/\/domainemasbegon.com\/wp-content\/uploads\/wedding.webp\" \/>\n\t<meta property=\"og:image:width\" content=\"1225\" \/>\n\t<meta property=\"og:image:height\" content=\"699\" \/>\n\t<meta property=\"og:image:type\" content=\"image\/webp\" \/>\n<meta name=\"twitter:card\" content=\"summary_large_image\" \/>\n<meta name=\"twitter:label1\" content=\"Est. reading time\" \/>\n\t<meta name=\"twitter:data1\" content=\"3 minutes\" \/>\n<script type=\"application\/ld+json\" class=\"yoast-schema-graph\">{\"@context\":\"https:\/\/schema.org\",\"@graph\":[{\"@type\":\"WebPage\",\"@id\":\"https:\/\/domainemasbegon.com\/en\/weddings\/\",\"url\":\"https:\/\/domainemasbegon.com\/en\/weddings\/\",\"name\":\"Organise your wedding at Domaine du Mas Begon in the Gard\",\"isPartOf\":{\"@id\":\"https:\/\/domainemasbegon.com\/en\/#website\"},\"primaryImageOfPage\":{\"@id\":\"https:\/\/domainemasbegon.com\/en\/weddings\/#primaryimage\"},\"image\":{\"@id\":\"https:\/\/domainemasbegon.com\/en\/weddings\/#primaryimage\"},\"thumbnailUrl\":\"https:\/\/domainemasbegon.com\/wp-content\/uploads\/wedding.webp\",\"datePublished\":\"2023-12-21T11:09:16+00:00\",\"dateModified\":\"2024-12-06T14:51:28+00:00\",\"description\":\"Celebrate your wedding on a splendid estate in Aigues-Vives in the Gard and discover the services and facilities of the Mas Begon.\",\"breadcrumb\":{\"@id\":\"https:\/\/domainemasbegon.com\/en\/weddings\/#breadcrumb\"},\"inLanguage\":\"en-US\",\"potentialAction\":[{\"@type\":\"ReadAction\",\"target\":[\"https:\/\/domainemasbegon.com\/en\/weddings\/\"]}]},{\"@type\":\"ImageObject\",\"inLanguage\":\"en-US\",\"@id\":\"https:\/\/domainemasbegon.com\/en\/weddings\/#primaryimage\",\"url\":\"https:\/\/domainemasbegon.com\/wp-content\/uploads\/wedding.webp\",\"contentUrl\":\"https:\/\/domainemasbegon.com\/wp-content\/uploads\/wedding.webp\"},{\"@type\":\"BreadcrumbList\",\"@id\":\"https:\/\/domainemasbegon.com\/en\/weddings\/#breadcrumb\",\"itemListElement\":[{\"@type\":\"ListItem\",\"position\":1,\"name\":\"Accueil\",\"item\":\"https:\/\/domainemasbegon.com\/en\/\"},{\"@type\":\"ListItem\",\"position\":2,\"name\":\"Weddings\"}]},{\"@type\":\"WebSite\",\"@id\":\"https:\/\/domainemasbegon.com\/en\/#website\",\"url\":\"https:\/\/domainemasbegon.com\/en\/\",\"name\":\"Mas Begon Domaine\",\"description\":\"\",\"publisher\":{\"@id\":\"https:\/\/domainemasbegon.com\/en\/#organization\"},\"potentialAction\":[{\"@type\":\"SearchAction\",\"target\":{\"@type\":\"EntryPoint\",\"urlTemplate\":\"https:\/\/domainemasbegon.com\/en\/?s={search_term_string}\"},\"query-input\":{\"@type\":\"PropertyValueSpecification\",\"valueRequired\":true,\"valueName\":\"search_term_string\"}}],\"inLanguage\":\"en-US\"},{\"@type\":\"Organization\",\"@id\":\"https:\/\/domainemasbegon.com\/en\/#organization\",\"name\":\"Mas Begon Domaine\",\"url\":\"https:\/\/domainemasbegon.com\/en\/\",\"logo\":{\"@type\":\"ImageObject\",\"inLanguage\":\"en-US\",\"@id\":\"https:\/\/domainemasbegon.com\/en\/#\/schema\/logo\/image\/\",\"url\":\"https:\/\/domainemasbegon.com\/wp-content\/uploads\/logo-domaine-du-mas-begon.svg\",\"contentUrl\":\"https:\/\/domainemasbegon.com\/wp-content\/uploads\/logo-domaine-du-mas-begon.svg\",\"caption\":\"Mas Begon Domaine\"},\"image\":{\"@id\":\"https:\/\/domainemasbegon.com\/en\/#\/schema\/logo\/image\/\"}}]}<\/script>\n<!-- \/ Yoast SEO plugin. -->","yoast_head_json":{"title":"Organise your wedding at Domaine du Mas Begon in the Gard","description":"Celebrate your wedding on a splendid estate in Aigues-Vives in the Gard and discover the services and facilities of the Mas Begon.","robots":{"index":"index","follow":"follow","max-snippet":"max-snippet:-1","max-image-preview":"max-image-preview:large","max-video-preview":"max-video-preview:-1"},"canonical":"https:\/\/domainemasbegon.com\/en\/weddings\/","og_locale":"en_US","og_type":"article","og_title":"Organise your wedding at Domaine du Mas Begon in the Gard","og_description":"Celebrate your wedding on a splendid estate in Aigues-Vives in the Gard and discover the services and facilities of the Mas Begon.","og_url":"https:\/\/domainemasbegon.com\/en\/weddings\/","og_site_name":"Mas Begon Domaine","article_modified_time":"2024-12-06T14:51:28+00:00","og_image":[{"width":1225,"height":699,"url":"https:\/\/domainemasbegon.com\/wp-content\/uploads\/wedding.webp","type":"image\/webp"}],"twitter_card":"summary_large_image","twitter_misc":{"Est. reading time":"3 minutes"},"schema":{"@context":"https:\/\/schema.org","@graph":[{"@type":"WebPage","@id":"https:\/\/domainemasbegon.com\/en\/weddings\/","url":"https:\/\/domainemasbegon.com\/en\/weddings\/","name":"Organise your wedding at Domaine du Mas Begon in the Gard","isPartOf":{"@id":"https:\/\/domainemasbegon.com\/en\/#website"},"primaryImageOfPage":{"@id":"https:\/\/domainemasbegon.com\/en\/weddings\/#primaryimage"},"image":{"@id":"https:\/\/domainemasbegon.com\/en\/weddings\/#primaryimage"},"thumbnailUrl":"https:\/\/domainemasbegon.com\/wp-content\/uploads\/wedding.webp","datePublished":"2023-12-21T11:09:16+00:00","dateModified":"2024-12-06T14:51:28+00:00","description":"Celebrate your wedding on a splendid estate in Aigues-Vives in the Gard and discover the services and facilities of the Mas Begon.","breadcrumb":{"@id":"https:\/\/domainemasbegon.com\/en\/weddings\/#breadcrumb"},"inLanguage":"en-US","potentialAction":[{"@type":"ReadAction","target":["https:\/\/domainemasbegon.com\/en\/weddings\/"]}]},{"@type":"ImageObject","inLanguage":"en-US","@id":"https:\/\/domainemasbegon.com\/en\/weddings\/#primaryimage","url":"https:\/\/domainemasbegon.com\/wp-content\/uploads\/wedding.webp","contentUrl":"https:\/\/domainemasbegon.com\/wp-content\/uploads\/wedding.webp"},{"@type":"BreadcrumbList","@id":"https:\/\/domainemasbegon.com\/en\/weddings\/#breadcrumb","itemListElement":[{"@type":"ListItem","position":1,"name":"Accueil","item":"https:\/\/domainemasbegon.com\/en\/"},{"@type":"ListItem","position":2,"name":"Weddings"}]},{"@type":"WebSite","@id":"https:\/\/domainemasbegon.com\/en\/#website","url":"https:\/\/domainemasbegon.com\/en\/","name":"Mas Begon Domaine","description":"","publisher":{"@id":"https:\/\/domainemasbegon.com\/en\/#organization"},"potentialAction":[{"@type":"SearchAction","target":{"@type":"EntryPoint","urlTemplate":"https:\/\/domainemasbegon.com\/en\/?s={search_term_string}"},"query-input":{"@type":"PropertyValueSpecification","valueRequired":true,"valueName":"search_term_string"}}],"inLanguage":"en-US"},{"@type":"Organization","@id":"https:\/\/domainemasbegon.com\/en\/#organization","name":"Mas Begon Domaine","url":"https:\/\/domainemasbegon.com\/en\/","logo":{"@type":"ImageObject","inLanguage":"en-US","@id":"https:\/\/domainemasbegon.com\/en\/#\/schema\/logo\/image\/","url":"https:\/\/domainemasbegon.com\/wp-content\/uploads\/logo-domaine-du-mas-begon.svg","contentUrl":"https:\/\/domainemasbegon.com\/wp-content\/uploads\/logo-domaine-du-mas-begon.svg","caption":"Mas Begon Domaine"},"image":{"@id":"https:\/\/domainemasbegon.com\/en\/#\/schema\/logo\/image\/"}}]}},"_links":{"self":[{"href":"https:\/\/domainemasbegon.com\/en\/wp-json\/wp\/v2\/pages\/3532","targetHints":{"allow":["GET"]}}],"collection":[{"href":"https:\/\/domainemasbegon.com\/en\/wp-json\/wp\/v2\/pages"}],"about":[{"href":"https:\/\/domainemasbegon.com\/en\/wp-json\/wp\/v2\/types\/page"}],"author":[{"embeddable":true,"href":"https:\/\/domainemasbegon.com\/en\/wp-json\/wp\/v2\/users\/3"}],"replies":[{"embeddable":true,"href":"https:\/\/domainemasbegon.com\/en\/wp-json\/wp\/v2\/comments?post=3532"}],"version-history":[{"count":2,"href":"https:\/\/domainemasbegon.com\/en\/wp-json\/wp\/v2\/pages\/3532\/revisions"}],"predecessor-version":[{"id":3646,"href":"https:\/\/domainemasbegon.com\/en\/wp-json\/wp\/v2\/pages\/3532\/revisions\/3646"}],"wp:attachment":[{"href":"https:\/\/domainemasbegon.com\/en\/wp-json\/wp\/v2\/media?parent=3532"}],"curies":[{"name":"wp","href":"https:\/\/api.w.org\/{rel}","templated":true}]}}