{"id":3682,"date":"2024-12-11T10:14:02","date_gmt":"2024-12-11T09:14:02","guid":{"rendered":"https:\/\/domainemasbegon.com\/tente-lodge-tepee\/"},"modified":"2024-12-12T12:09:52","modified_gmt":"2024-12-12T11:09:52","slug":"tente-lodge-tepee","status":"publish","type":"page","link":"https:\/\/domainemasbegon.com\/en\/accomodation\/tente-lodge-tepee\/","title":{"rendered":"Tentes Lodge Tepee"},"content":{"rendered":"\n<div class=\"wp-block-cover alignwide is-light animation--init--once page-cover is-style-no-margin\" style=\"min-height:700px;aspect-ratio:unset;\"><span aria-hidden=\"true\" class=\"wp-block-cover__background has-background-dim-30 has-background-dim\" style=\"background-color:#9c8679\"><\/span><img loading=\"lazy\" decoding=\"async\" width=\"2000\" height=\"1500\" class=\"wp-block-cover__image-background wp-image-3708\" alt=\"\" src=\"https:\/\/domainemasbegon.com\/wp-content\/uploads\/tente4.jpg\" data-object-fit=\"cover\" srcset=\"https:\/\/domainemasbegon.com\/wp-content\/uploads\/tente4.jpg 2000w, https:\/\/domainemasbegon.com\/wp-content\/uploads\/tente4-1024x768.jpg 1024w, https:\/\/domainemasbegon.com\/wp-content\/uploads\/tente4-768x576.jpg 768w, https:\/\/domainemasbegon.com\/wp-content\/uploads\/tente4-1536x1152.jpg 1536w, https:\/\/domainemasbegon.com\/wp-content\/uploads\/tente4-512x384.jpg 512w, https:\/\/domainemasbegon.com\/wp-content\/uploads\/tente4-256x192.jpg 256w\" sizes=\"auto, (max-width: 2000px) 100vw, 2000px\" \/><div class=\"wp-block-cover__inner-container is-layout-constrained wp-block-cover-is-layout-constrained\">\n<h1 class=\"wp-block-heading has-text-align-center animation--init--once slide-up has-h-1-slide-font-size\"><em>La Tente Lodge Tepee<br>pour 4 personnes<\/em><\/h1>\n\n\n\n<figure class=\"wp-block-image aligncenter size-large scrolldown animation--init--once slide-down\"><a href=\"#scrolldown\"><img loading=\"lazy\" decoding=\"async\" width=\"51\" height=\"30\" src=\"https:\/\/domainemasbegon.com\/wp-content\/uploads\/arrow-1.svg\" alt=\"\" class=\"wp-image-1019\"\/><\/a><\/figure>\n<\/div><\/div>\n\n\n\n<div class=\"wp-block-group alignwide animation--init--once slide-right has-text-small-font-size is-content-justification-left is-layout-constrained wp-container-core-group-is-layout-1 wp-block-group-is-layout-constrained\" style=\"margin-bottom:5vh\"><div class=\"yoast-breadcrumbs\"><span><span><a href=\"https:\/\/domainemasbegon.com\/en\/\">Accueil<\/a><\/span> &gt; <span class=\"breadcrumb_last\" aria-current=\"page\">Tentes Lodge Tepee<\/span><\/span><\/div><\/div>\n\n\n\n<h2 class=\"wp-block-heading alignwide has-text-align-center animation--init--once slide-up custom-heading bottom-line has-h-1-font-size\" id=\"scrolldown\" style=\"margin-bottom:5vh\"><sup><mark style=\"background-color:rgba(0, 0, 0, 0)\" class=\"has-inline-color has-theme-secondary-color\">LE CONFORT NATUREL<\/mark><\/sup><br>Tente Lodge Tepee<\/h2>\n\n\n\n<div class=\"wp-block-group is-content-justification-center is-nowrap is-layout-flex wp-container-core-group-is-layout-2 wp-block-group-is-layout-flex\" style=\"padding-bottom:5vh\">\n<figure class=\"wp-block-image size-large is-style-icon-row animation--init--once slide-up\"><img loading=\"lazy\" decoding=\"async\" width=\"24\" height=\"24\" src=\"https:\/\/domainemasbegon.com\/wp-content\/uploads\/size.svg\" alt=\"\" class=\"wp-image-1363\"\/><figcaption class=\"wp-element-caption\">20m<sup>2<\/sup><\/figcaption><\/figure>\n\n\n\n<figure class=\"wp-block-image size-large is-resized is-style-icon-row animation--init--once slide-up delay-1\"><img loading=\"lazy\" decoding=\"async\" width=\"25\" height=\"24\" src=\"https:\/\/domainemasbegon.com\/wp-content\/uploads\/capacite.svg\" alt=\"\" class=\"wp-image-1362\" style=\"width:25px;height:auto\"\/><figcaption class=\"wp-element-caption\">4 PERS.<\/figcaption><\/figure>\n\n\n\n<figure class=\"wp-block-image size-large is-resized is-style-icon-row  animation--init--once slide-up delay-2\"><img loading=\"lazy\" decoding=\"async\" width=\"25\" height=\"24\" src=\"https:\/\/domainemasbegon.com\/wp-content\/uploads\/lit.svg\" alt=\"\" class=\"wp-image-1361\" style=\"width:25px;height:auto\"\/><figcaption class=\"wp-element-caption\">1 LIT QUEEN SIZE<\/figcaption><\/figure>\n\n\n\n<figure class=\"wp-block-image size-large is-resized is-style-icon-row  animation--init--once slide-up delay-3\"><img loading=\"lazy\" decoding=\"async\" width=\"25\" height=\"24\" src=\"https:\/\/domainemasbegon.com\/wp-content\/uploads\/lit.svg\" alt=\"\" class=\"wp-image-3265\" style=\"width:25px;height:auto\"\/><figcaption class=\"wp-element-caption\">2 lits s\u00e9par\u00e9s<\/figcaption><\/figure>\n<\/div>\n\n\n\n<p class=\"animation--init--once slide-up\">Il sera \u00e9galement possible pour 40 convives de passer la nuit dans un village de tentes lodges, offrant un confort extr\u00eame, pour une exp\u00e9rience inoubliable. Chaque tente peut accueillir 4 personnes (un grand lit et deux lits s\u00e9par\u00e9s), dans un espace cosy et atypique. Terrasse priv\u00e9e avec salon de jardin. 2 blocs sanitaires \u00e0 cot\u00e9, dot\u00e9s de douches chaudes, lavabos et wc<\/p>\n\n\n\n<p><strong>Photos non contractuelles<\/strong><\/p>\n\n\n\n<div class=\"wp-block-buttons is-hidden is-content-justification-center is-layout-flex wp-container-core-buttons-is-layout-1 wp-block-buttons-is-layout-flex\" style=\"margin-bottom:10vh\">\n<div class=\"wp-block-button is-style-trigger-button animation--init--once slide-up\"><a class=\"wp-block-button__link wp-element-button\" href=\"#booking\">R\u00e9server cette TENTE<\/a><\/div>\n<\/div>\n\n\n\n<div class=\"wp-image-slider animation--init--once slide-up hebergement-slider alignwide has-text-align-left has-custom-padding aspect-ratio-16_9\" style=\"padding-bottom:5vh;\">\n\n                                        \n                    <script>\n                        'use strict';\n\n                        document.addEventListener('DOMContentLoaded', function () {\n\n                            const HebergementSlider = document.querySelector('.hergement-slider');\n\n                            let perMove = 1;\n                            \n                            if (!HebergementSlider) {\n                                perMove = perMove;\n                            } else {\n                                perMove = 2;\n                            }\n\n                            (function() {\n                                const blockSlide = new Splide( '#slide_293', {\n                                    type : 'loop',\n                                    perMove: perMove,\n                                    focus: 0,\n                                    autoplay: 0,\n                                    rewind: 0,\n                                    updateOnMove: true,\n                                    perPage: 2,\n                                                                        \n                                    breakpoints: {\n                                        999: {\n                                            perPage: 2,\n                                                                                    },\n                                        599: {\n                                            perMove: 1,\n                                            perPage: 1,\n                                                   \n\n                                        },\n                                    },\n                                    pagination: false,\n                                    arrows: true,\n                                    gap: 'var(--wp--style--block-gap)',\n                                    i18n: {\n                                        slideLabel: '%s\/%s',\n                                    }\n                                } );\n                                \n\n                                \n                                blockSlide.mount();\n\n                                                                \n                                \n                            })();\n                        })\n                    <\/script>\n\n                    <div class=\"slider-container\"><div class=\"splide galeria-slider galeria-columnas-2\" id=\"slide_293\"><div class=\"splide__track\"><div class=\"splide__list\"><a href=\"https:\/\/domainemasbegon.com\/wp-content\/uploads\/tente3.jpg\" id=\"thumb-3707\" class=\"splide__slide image-link\" data-gallery=\"slide_293\"  alt=\" \" class=\"image-link\"><div class=\"image-wrapper\"><img loading=\"lazy\" decoding=\"async\" width=\"1536\" height=\"1152\" src=\"https:\/\/domainemasbegon.com\/wp-content\/uploads\/tente3-1536x1152.jpg\" class=\"attachment-gallery-large size-gallery-large\" alt=\"\" srcset=\"https:\/\/domainemasbegon.com\/wp-content\/uploads\/tente3-1536x1152.jpg 1536w, https:\/\/domainemasbegon.com\/wp-content\/uploads\/tente3-1024x768.jpg 1024w, https:\/\/domainemasbegon.com\/wp-content\/uploads\/tente3-768x576.jpg 768w, https:\/\/domainemasbegon.com\/wp-content\/uploads\/tente3-512x384.jpg 512w, https:\/\/domainemasbegon.com\/wp-content\/uploads\/tente3-256x192.jpg 256w, https:\/\/domainemasbegon.com\/wp-content\/uploads\/tente3.jpg 2000w\" sizes=\"auto, (max-width: 1536px) 100vw, 1536px\" \/><\/div><\/a><a href=\"https:\/\/domainemasbegon.com\/wp-content\/uploads\/tente2.jpg\" id=\"thumb-3703\" class=\"splide__slide image-link\" data-gallery=\"slide_293\"  alt=\" \" class=\"image-link\"><div class=\"image-wrapper\"><img loading=\"lazy\" decoding=\"async\" width=\"474\" height=\"474\" src=\"https:\/\/domainemasbegon.com\/wp-content\/uploads\/tente2.jpg\" class=\"attachment-gallery-large size-gallery-large\" alt=\"\" srcset=\"https:\/\/domainemasbegon.com\/wp-content\/uploads\/tente2.jpg 474w, https:\/\/domainemasbegon.com\/wp-content\/uploads\/tente2-200x200.jpg 200w, https:\/\/domainemasbegon.com\/wp-content\/uploads\/tente2-256x256.jpg 256w\" sizes=\"auto, (max-width: 474px) 100vw, 474px\" \/><\/div><\/a><a href=\"https:\/\/domainemasbegon.com\/wp-content\/uploads\/img-20241010-wa0041.jpg\" id=\"thumb-3705\" class=\"splide__slide image-link\" data-gallery=\"slide_293\"  alt=\" \" class=\"image-link\"><div class=\"image-wrapper\"><img loading=\"lazy\" decoding=\"async\" width=\"1536\" height=\"1152\" src=\"https:\/\/domainemasbegon.com\/wp-content\/uploads\/img-20241010-wa0041-1536x1152.jpg\" class=\"attachment-gallery-large size-gallery-large\" alt=\"\" srcset=\"https:\/\/domainemasbegon.com\/wp-content\/uploads\/img-20241010-wa0041-1536x1152.jpg 1536w, https:\/\/domainemasbegon.com\/wp-content\/uploads\/img-20241010-wa0041-1024x768.jpg 1024w, https:\/\/domainemasbegon.com\/wp-content\/uploads\/img-20241010-wa0041-768x576.jpg 768w, https:\/\/domainemasbegon.com\/wp-content\/uploads\/img-20241010-wa0041-512x384.jpg 512w, https:\/\/domainemasbegon.com\/wp-content\/uploads\/img-20241010-wa0041-256x192.jpg 256w, https:\/\/domainemasbegon.com\/wp-content\/uploads\/img-20241010-wa0041.jpg 1600w\" sizes=\"auto, (max-width: 1536px) 100vw, 1536px\" \/><\/div><\/a><a href=\"https:\/\/domainemasbegon.com\/wp-content\/uploads\/img-20241010-wa0042.jpg\" id=\"thumb-3679\" class=\"splide__slide image-link\" data-gallery=\"slide_293\"  alt=\" \" class=\"image-link\"><div class=\"image-wrapper\"><img loading=\"lazy\" decoding=\"async\" width=\"1536\" height=\"1152\" src=\"https:\/\/domainemasbegon.com\/wp-content\/uploads\/img-20241010-wa0042-1536x1152.jpg\" class=\"attachment-gallery-large size-gallery-large\" alt=\"\" srcset=\"https:\/\/domainemasbegon.com\/wp-content\/uploads\/img-20241010-wa0042-1536x1152.jpg 1536w, https:\/\/domainemasbegon.com\/wp-content\/uploads\/img-20241010-wa0042-1024x768.jpg 1024w, https:\/\/domainemasbegon.com\/wp-content\/uploads\/img-20241010-wa0042-768x576.jpg 768w, https:\/\/domainemasbegon.com\/wp-content\/uploads\/img-20241010-wa0042-512x384.jpg 512w, https:\/\/domainemasbegon.com\/wp-content\/uploads\/img-20241010-wa0042-256x192.jpg 256w, https:\/\/domainemasbegon.com\/wp-content\/uploads\/img-20241010-wa0042.jpg 1600w\" sizes=\"auto, (max-width: 1536px) 100vw, 1536px\" \/><\/div><\/a><a href=\"https:\/\/domainemasbegon.com\/wp-content\/uploads\/tente.jpg\" id=\"thumb-3704\" class=\"splide__slide image-link\" data-gallery=\"slide_293\"  alt=\" \" class=\"image-link\"><div class=\"image-wrapper\"><img loading=\"lazy\" decoding=\"async\" width=\"1024\" height=\"768\" src=\"https:\/\/domainemasbegon.com\/wp-content\/uploads\/tente.jpg\" class=\"attachment-gallery-large size-gallery-large\" alt=\"\" srcset=\"https:\/\/domainemasbegon.com\/wp-content\/uploads\/tente.jpg 1024w, https:\/\/domainemasbegon.com\/wp-content\/uploads\/tente-768x576.jpg 768w, https:\/\/domainemasbegon.com\/wp-content\/uploads\/tente-512x384.jpg 512w, https:\/\/domainemasbegon.com\/wp-content\/uploads\/tente-256x192.jpg 256w\" sizes=\"auto, (max-width: 1024px) 100vw, 1024px\" \/><\/div><\/a><\/div><\/div><\/div><\/div>\n                    \n<\/div>\n\n\n<div class=\"wp-block-group alignwide animation--init--once is-hidden has-theme-primary-background-color has-background is-layout-flow wp-block-group-is-layout-flow\" id=\"booking\" style=\"margin-bottom:10vh;padding-top:4rem;padding-bottom:4rem\">\n<h2 class=\"wp-block-heading alignwide has-text-align-center animation--init--once slide-up custom-heading bottom-line has-theme-white-color has-text-color has-link-color has-h-1-font-size wp-elements-d93d13f05da0244bf1357457e41092ea\" style=\"margin-bottom:5vh\"><sup><mark style=\"background-color:rgba(0, 0, 0, 0)\" class=\"has-inline-color has-theme-secondary-color\">R\u00c9SERVATION<\/mark><\/sup><br>Tarifs et Disponibilit\u00e9s<\/h2>\n\n\n\n<p class=\"has-text-align-center animation--init--once slide-up has-theme-white-color has-text-color has-link-color wp-elements-9e7e05aff2e538fe8df70a71b3207db4\" style=\"margin-bottom:5vh\">Consultez les dates de disponibilit\u00e9s et les tarifs pour r\u00e9server votre s\u00e9jour en ligne en quelques clics!<\/p>\n\n\n<thr-simpleblock category-type=\"*\" show-picture=\"true\" one-mode=\"1\"><\/thr-simpleblock>\n<\/div>\n\n\n\n<div class=\"wp-block-columns alignwide are-vertically-aligned-center is-layout-flex wp-container-core-columns-is-layout-1 wp-block-columns-is-layout-flex\">\n<div class=\"wp-block-column is-vertically-aligned-center is-layout-flow wp-block-column-is-layout-flow\" style=\"flex-basis:30%\">\n<h2 class=\"wp-block-heading alignwide has-text-align-left animation--init--once slide-right custom-heading bottom-line has-h-1-font-size\" style=\"margin-bottom:10vh\"><sup><mark style=\"background-color:rgba(0, 0, 0, 0)\" class=\"has-inline-color has-theme-secondary-color\">DOMAINE MAS BEGON<\/mark><\/sup><br>D\u00e9couvrez\u2028nos autres h\u00e9bergements<\/h2>\n<\/div>\n\n\n\n<div class=\"wp-block-column is-vertically-aligned-center hebergements-column is-layout-flow wp-block-column-is-layout-flow\" style=\"flex-basis:70%\">\n<div class=\"wp-block-hebergements-block animation--init--once slide-left\">\n    <div class=\"hebergements-slider-container splide\">\n        <div class=\"splide__track\">\n            <ul class=\"splide__list\">        \n                                <!-- end of the loop -->\n            <\/ul>\n            <\/div>\n<\/div><\/div>\n    <script type=\"text\/javascript\">\n        'use strict';\n\n        document.addEventListener('DOMContentLoaded', function () {\n\n            (function() {\n                const blockSlide = new Splide( '.hebergements-slider-container.splide', {\n                    type : 'loop',\n                    perPage: 2,\n                    pagination: false,\n                    arrows: 0,\n                    gap: '2vw',\n                    i18n: {\n                        slideLabel: '%s \/ %s',\n                    },\n                    padding: {left: 0, right: '10vw'},\n                    breakpoints: { 599: { perPage: 1, gap: 'var(--wp--style--block-gap)' } },\n                    autoplay: 1                } );\n                \n                blockSlide.mount();\n            })();\n        })\n    <\/script>\n<\/div>\n<\/div>\n","protected":false},"excerpt":{"rendered":"<p>D\u00e9couvrez la Suite Nuptiale romantique au Domaine du Mas Begon<\/p>\n","protected":false},"author":7,"featured_media":0,"parent":3542,"menu_order":2,"comment_status":"closed","ping_status":"closed","template":"","meta":{"_acf_changed":false,"inline_featured_image":false,"footnotes":""},"class_list":["post-3682","page","type-page","status-publish","hentry"],"acf":[],"yoast_head":"<!-- This site is optimized with the Yoast SEO plugin v24.1 - https:\/\/yoast.com\/wordpress\/plugins\/seo\/ -->\n<title>D\u00e9couvrez la Tente tepee au Domaine Mas Begon dans le Gard<\/title>\n<meta name=\"description\" content=\"Venez profitez du Gard et passez un s\u00e9jour inoubliable au Domaine du Mas Begon dans une de nos tentes lodge tepee.\" \/>\n<meta name=\"robots\" content=\"index, follow, max-snippet:-1, max-image-preview:large, max-video-preview:-1\" \/>\n<link rel=\"canonical\" href=\"https:\/\/domainemasbegon.com\/en\/accomodation\/tente-lodge-tepee\/\" \/>\n<meta property=\"og:locale\" content=\"en_US\" \/>\n<meta property=\"og:type\" content=\"article\" \/>\n<meta property=\"og:title\" content=\"D\u00e9couvrez la Tente tepee au Domaine Mas Begon dans le Gard\" \/>\n<meta property=\"og:description\" content=\"Venez profitez du Gard et passez un s\u00e9jour inoubliable au Domaine du Mas Begon dans une de nos tentes lodge tepee.\" \/>\n<meta property=\"og:url\" content=\"https:\/\/domainemasbegon.com\/en\/accomodation\/tente-lodge-tepee\/\" \/>\n<meta property=\"og:site_name\" content=\"Mas Begon Domaine\" \/>\n<meta property=\"article:modified_time\" content=\"2024-12-12T11:09:52+00:00\" \/>\n<meta property=\"og:image\" content=\"https:\/\/domainemasbegon.com\/wp-content\/uploads\/tente4.jpg\" \/>\n\t<meta property=\"og:image:width\" content=\"2000\" \/>\n\t<meta property=\"og:image:height\" content=\"1500\" \/>\n\t<meta property=\"og:image:type\" content=\"image\/jpeg\" \/>\n<meta name=\"twitter:card\" content=\"summary_large_image\" \/>\n<meta name=\"twitter:label1\" content=\"Est. reading time\" \/>\n\t<meta name=\"twitter:data1\" content=\"3 minutes\" \/>\n<script type=\"application\/ld+json\" class=\"yoast-schema-graph\">{\"@context\":\"https:\/\/schema.org\",\"@graph\":[{\"@type\":\"WebPage\",\"@id\":\"https:\/\/domainemasbegon.com\/en\/accomodation\/tente-lodge-tepee\/\",\"url\":\"https:\/\/domainemasbegon.com\/en\/accomodation\/tente-lodge-tepee\/\",\"name\":\"D\u00e9couvrez la Tente tepee au Domaine Mas Begon dans le Gard\",\"isPartOf\":{\"@id\":\"https:\/\/domainemasbegon.com\/en\/#website\"},\"primaryImageOfPage\":{\"@id\":\"https:\/\/domainemasbegon.com\/en\/accomodation\/tente-lodge-tepee\/#primaryimage\"},\"image\":{\"@id\":\"https:\/\/domainemasbegon.com\/en\/accomodation\/tente-lodge-tepee\/#primaryimage\"},\"thumbnailUrl\":\"https:\/\/domainemasbegon.com\/wp-content\/uploads\/tente4.jpg\",\"datePublished\":\"2024-12-11T09:14:02+00:00\",\"dateModified\":\"2024-12-12T11:09:52+00:00\",\"description\":\"Venez profitez du Gard et passez un s\u00e9jour inoubliable au Domaine du Mas Begon dans une de nos tentes lodge tepee.\",\"breadcrumb\":{\"@id\":\"https:\/\/domainemasbegon.com\/en\/accomodation\/tente-lodge-tepee\/#breadcrumb\"},\"inLanguage\":\"en-US\",\"potentialAction\":[{\"@type\":\"ReadAction\",\"target\":[\"https:\/\/domainemasbegon.com\/en\/accomodation\/tente-lodge-tepee\/\"]}]},{\"@type\":\"ImageObject\",\"inLanguage\":\"en-US\",\"@id\":\"https:\/\/domainemasbegon.com\/en\/accomodation\/tente-lodge-tepee\/#primaryimage\",\"url\":\"https:\/\/domainemasbegon.com\/wp-content\/uploads\/tente4.jpg\",\"contentUrl\":\"https:\/\/domainemasbegon.com\/wp-content\/uploads\/tente4.jpg\"},{\"@type\":\"BreadcrumbList\",\"@id\":\"https:\/\/domainemasbegon.com\/en\/accomodation\/tente-lodge-tepee\/#breadcrumb\",\"itemListElement\":[{\"@type\":\"ListItem\",\"position\":1,\"name\":\"Accueil\",\"item\":\"https:\/\/domainemasbegon.com\/en\/\"},{\"@type\":\"ListItem\",\"position\":2,\"name\":\"Tentes Lodge Tepee\"}]},{\"@type\":\"WebSite\",\"@id\":\"https:\/\/domainemasbegon.com\/en\/#website\",\"url\":\"https:\/\/domainemasbegon.com\/en\/\",\"name\":\"Mas Begon Domaine\",\"description\":\"\",\"publisher\":{\"@id\":\"https:\/\/domainemasbegon.com\/en\/#organization\"},\"potentialAction\":[{\"@type\":\"SearchAction\",\"target\":{\"@type\":\"EntryPoint\",\"urlTemplate\":\"https:\/\/domainemasbegon.com\/en\/?s={search_term_string}\"},\"query-input\":{\"@type\":\"PropertyValueSpecification\",\"valueRequired\":true,\"valueName\":\"search_term_string\"}}],\"inLanguage\":\"en-US\"},{\"@type\":\"Organization\",\"@id\":\"https:\/\/domainemasbegon.com\/en\/#organization\",\"name\":\"Mas Begon Domaine\",\"url\":\"https:\/\/domainemasbegon.com\/en\/\",\"logo\":{\"@type\":\"ImageObject\",\"inLanguage\":\"en-US\",\"@id\":\"https:\/\/domainemasbegon.com\/en\/#\/schema\/logo\/image\/\",\"url\":\"https:\/\/domainemasbegon.com\/wp-content\/uploads\/logo-domaine-du-mas-begon.svg\",\"contentUrl\":\"https:\/\/domainemasbegon.com\/wp-content\/uploads\/logo-domaine-du-mas-begon.svg\",\"caption\":\"Mas Begon Domaine\"},\"image\":{\"@id\":\"https:\/\/domainemasbegon.com\/en\/#\/schema\/logo\/image\/\"}}]}<\/script>\n<!-- \/ Yoast SEO plugin. -->","yoast_head_json":{"title":"D\u00e9couvrez la Tente tepee au Domaine Mas Begon dans le Gard","description":"Venez profitez du Gard et passez un s\u00e9jour inoubliable au Domaine du Mas Begon dans une de nos tentes lodge tepee.","robots":{"index":"index","follow":"follow","max-snippet":"max-snippet:-1","max-image-preview":"max-image-preview:large","max-video-preview":"max-video-preview:-1"},"canonical":"https:\/\/domainemasbegon.com\/en\/accomodation\/tente-lodge-tepee\/","og_locale":"en_US","og_type":"article","og_title":"D\u00e9couvrez la Tente tepee au Domaine Mas Begon dans le Gard","og_description":"Venez profitez du Gard et passez un s\u00e9jour inoubliable au Domaine du Mas Begon dans une de nos tentes lodge tepee.","og_url":"https:\/\/domainemasbegon.com\/en\/accomodation\/tente-lodge-tepee\/","og_site_name":"Mas Begon Domaine","article_modified_time":"2024-12-12T11:09:52+00:00","og_image":[{"width":2000,"height":1500,"url":"https:\/\/domainemasbegon.com\/wp-content\/uploads\/tente4.jpg","type":"image\/jpeg"}],"twitter_card":"summary_large_image","twitter_misc":{"Est. reading time":"3 minutes"},"schema":{"@context":"https:\/\/schema.org","@graph":[{"@type":"WebPage","@id":"https:\/\/domainemasbegon.com\/en\/accomodation\/tente-lodge-tepee\/","url":"https:\/\/domainemasbegon.com\/en\/accomodation\/tente-lodge-tepee\/","name":"D\u00e9couvrez la Tente tepee au Domaine Mas Begon dans le Gard","isPartOf":{"@id":"https:\/\/domainemasbegon.com\/en\/#website"},"primaryImageOfPage":{"@id":"https:\/\/domainemasbegon.com\/en\/accomodation\/tente-lodge-tepee\/#primaryimage"},"image":{"@id":"https:\/\/domainemasbegon.com\/en\/accomodation\/tente-lodge-tepee\/#primaryimage"},"thumbnailUrl":"https:\/\/domainemasbegon.com\/wp-content\/uploads\/tente4.jpg","datePublished":"2024-12-11T09:14:02+00:00","dateModified":"2024-12-12T11:09:52+00:00","description":"Venez profitez du Gard et passez un s\u00e9jour inoubliable au Domaine du Mas Begon dans une de nos tentes lodge tepee.","breadcrumb":{"@id":"https:\/\/domainemasbegon.com\/en\/accomodation\/tente-lodge-tepee\/#breadcrumb"},"inLanguage":"en-US","potentialAction":[{"@type":"ReadAction","target":["https:\/\/domainemasbegon.com\/en\/accomodation\/tente-lodge-tepee\/"]}]},{"@type":"ImageObject","inLanguage":"en-US","@id":"https:\/\/domainemasbegon.com\/en\/accomodation\/tente-lodge-tepee\/#primaryimage","url":"https:\/\/domainemasbegon.com\/wp-content\/uploads\/tente4.jpg","contentUrl":"https:\/\/domainemasbegon.com\/wp-content\/uploads\/tente4.jpg"},{"@type":"BreadcrumbList","@id":"https:\/\/domainemasbegon.com\/en\/accomodation\/tente-lodge-tepee\/#breadcrumb","itemListElement":[{"@type":"ListItem","position":1,"name":"Accueil","item":"https:\/\/domainemasbegon.com\/en\/"},{"@type":"ListItem","position":2,"name":"Tentes Lodge Tepee"}]},{"@type":"WebSite","@id":"https:\/\/domainemasbegon.com\/en\/#website","url":"https:\/\/domainemasbegon.com\/en\/","name":"Mas Begon Domaine","description":"","publisher":{"@id":"https:\/\/domainemasbegon.com\/en\/#organization"},"potentialAction":[{"@type":"SearchAction","target":{"@type":"EntryPoint","urlTemplate":"https:\/\/domainemasbegon.com\/en\/?s={search_term_string}"},"query-input":{"@type":"PropertyValueSpecification","valueRequired":true,"valueName":"search_term_string"}}],"inLanguage":"en-US"},{"@type":"Organization","@id":"https:\/\/domainemasbegon.com\/en\/#organization","name":"Mas Begon Domaine","url":"https:\/\/domainemasbegon.com\/en\/","logo":{"@type":"ImageObject","inLanguage":"en-US","@id":"https:\/\/domainemasbegon.com\/en\/#\/schema\/logo\/image\/","url":"https:\/\/domainemasbegon.com\/wp-content\/uploads\/logo-domaine-du-mas-begon.svg","contentUrl":"https:\/\/domainemasbegon.com\/wp-content\/uploads\/logo-domaine-du-mas-begon.svg","caption":"Mas Begon Domaine"},"image":{"@id":"https:\/\/domainemasbegon.com\/en\/#\/schema\/logo\/image\/"}}]}},"_links":{"self":[{"href":"https:\/\/domainemasbegon.com\/en\/wp-json\/wp\/v2\/pages\/3682","targetHints":{"allow":["GET"]}}],"collection":[{"href":"https:\/\/domainemasbegon.com\/en\/wp-json\/wp\/v2\/pages"}],"about":[{"href":"https:\/\/domainemasbegon.com\/en\/wp-json\/wp\/v2\/types\/page"}],"author":[{"embeddable":true,"href":"https:\/\/domainemasbegon.com\/en\/wp-json\/wp\/v2\/users\/7"}],"replies":[{"embeddable":true,"href":"https:\/\/domainemasbegon.com\/en\/wp-json\/wp\/v2\/comments?post=3682"}],"version-history":[{"count":3,"href":"https:\/\/domainemasbegon.com\/en\/wp-json\/wp\/v2\/pages\/3682\/revisions"}],"predecessor-version":[{"id":3715,"href":"https:\/\/domainemasbegon.com\/en\/wp-json\/wp\/v2\/pages\/3682\/revisions\/3715"}],"up":[{"embeddable":true,"href":"https:\/\/domainemasbegon.com\/en\/wp-json\/wp\/v2\/pages\/3542"}],"wp:attachment":[{"href":"https:\/\/domainemasbegon.com\/en\/wp-json\/wp\/v2\/media?parent=3682"}],"curies":[{"name":"wp","href":"https:\/\/api.w.org\/{rel}","templated":true}]}}